{"id":482,"date":"2016-11-21T15:21:10","date_gmt":"2016-11-21T14:21:10","guid":{"rendered":"http:\/\/wp-test.geldrop-burkinafaso.nl\/wp-test\/?page_id=482"},"modified":"2016-11-21T15:26:09","modified_gmt":"2016-11-21T14:26:09","slug":"fada-druppelirrigatie","status":"publish","type":"page","link":"https:\/\/geldrop-burkinafaso.nl\/index.php\/fada-druppelirrigatie\/","title":{"rendered":"Fada, druppelirrigatie"},"content":{"rendered":"<h2><strong>Druppelirrigatie Yanyema, landbouwco\u00f6peratie Fada N\u2019Gourma, Oost-Burkina Faso.<\/strong><\/h2>\n<p><em>Michiel L\u00f6ffler (geitenboer in Frankrijk)<\/em><br \/>\nAls alles goed gaat is er over een tijdje het hele jaar door tuinbouw. Als alles goed gaat hebben over een tijdje alle 25 leden van de groupement Yanyema, inclusief de opgenomen weeskinderen het hele jaar werk en inkomen, hebben de bijbehorende families inkomenszekerheid, en is er zelfs plek voor nieuwe leden. Dat is dan te danken aan jullie, aan ons, aan de mensen, bedrijven, stichtingen die de afgelopen jaren gefinancierd hebben, bijgesprongen zijn. Maar vooral zal het te danken zijn aan de leden van groupement Yanyema zelf, aan de energie en volharding van hun voorzitter Lazare, aan de gedrevenheid en dynamiek van de leden om door te gaan, aan de veerkracht om na het vallen op te staan.<\/p>\n<p>Toen ik voor de eerste keer in Burkina Faso kwam heette het nog Opper-Volta. Ik reisde er rond, zag vele (half)mislukte ontwikkelingsprojecten, en ik bedacht dat de grootste veranderingen in het westen nodig waren, en niet in Afrika zelf. Teruggekomen in Europa vertrok ik als jongere uit de stad naar het platteland en werd geitenboer. Jaren later kwam ik voor de tweede keer in Burkina Faso, dit keer samen met ZWO. Het land was veranderd: er waren stuwmeren, er was tuinbouw, op de markten werden groenten zoals wortelen, uien en sla verkocht. Op bezoek in Zimtanga, waar ZWO al langere tijd projecten had lopen, zag ik dat kleinschalige, evenwichtige en goed gerichte hulp, van mens tot mens, wel degelijk uitmaakt: minder ondervoeding, meer schoolgaande kinderen, meer meisjes in de klas. Op een dergelijke manier kon ik me wel voorstellen ook een project te begeleiden, en zo kwam ik in contact met de groupement Yanyema in Fada N\u2019Gourma, in het oosten van het land: jongeren die vanuit de stad naar het platteland getrokken waren om daar met geiten een bestaan op te bouwen. Dat paste.<img loading=\"lazy\" decoding=\"async\" class=\"size-medium wp-image-483 alignleft\" src=\"http:\/\/www.geldrop-burkinafaso.nl\/wp-content\/uploads\/2016\/11\/geitenfokkerij-300x169.jpg\" alt=\"geitenfokkerij\" width=\"300\" height=\"169\" srcset=\"https:\/\/geldrop-burkinafaso.nl\/wp-content\/uploads\/2016\/11\/geitenfokkerij-300x169.jpg 300w, https:\/\/geldrop-burkinafaso.nl\/wp-content\/uploads\/2016\/11\/geitenfokkerij-768x432.jpg 768w, https:\/\/geldrop-burkinafaso.nl\/wp-content\/uploads\/2016\/11\/geitenfokkerij-1024x576.jpg 1024w, https:\/\/geldrop-burkinafaso.nl\/wp-content\/uploads\/2016\/11\/geitenfokkerij-624x351.jpg 624w, https:\/\/geldrop-burkinafaso.nl\/wp-content\/uploads\/2016\/11\/geitenfokkerij.jpg 1186w\" sizes=\"auto, (max-width: 300px) 100vw, 300px\" \/><\/p>\n<p>Dat is intussen ruim 15 jaar geleden. Ik zal de in deze 15 jaar opgetreden \u2018pesten en plagen\u2019 van haast Bijbelse omvang, te beginnen met het totale wegsterven van alle geiten en schapen nog voordat ik in aanraking kwam met het project, vervolgens de ziektes bij het (nieuwe) vee, de rupsen in de bomen, wegwaaiende daken, instortende putten, door uv-licht verpulverende leidingen, niet uitputtend behandelen. Wat in dit kader w\u00e9l belangrijk is, is om te beseffen dat de werkende leden van de groupement, als er werk is en dat is er vaak niet, per maand 30 euro verdienen. Ofwel, het gezin van voorzitter Lazare (vrouw, man, drie kinderen waaronder \u00e9\u00e9n min of meer geadopteerd weeskind) moet gemiddeld van 30 euro per maand rondkomen. Ter vergelijking: een antibioticumkuur ter bestrijding van rotkreupel bij de geiten (twee keer voorgekomen) kost 300 euro, ofwel bijna een jaarinkomen, vergelijkbaar met 15.000 euro voor ons.<br \/>\nEen ander belangrijk gegeven is dat tegenslag vaak uit onverwachte hoek komt: natuurlijk is het bekend dat in de Sahel, naast de bodemonvruchtbaarheid, het gebrek aan water een grote rol speelt. De grootste problemen bij Yanyema werden echter niet veroorzaakt door een tekort, maar door een overschot aan water, allebei situaties overigens, die door de klimaatverandering vaker zullen voorkomen. Tot 2010 ging het redelijk bergop met de co\u00f6peratie: met Nederlandse en Franse hulp liepen er weer geiten, en er was akkerbouw. Daarnaast kon de co\u00f6peratie door hun gunstige ligging naast een stuwmeer, relatief eenvoudig (als je geld hebt, natuurlijk) met ge\u00efrrigeerde tuinbouw beginnen.<\/p>\n<p><img loading=\"lazy\" decoding=\"async\" class=\"size-medium wp-image-489 alignright\" src=\"http:\/\/www.geldrop-burkinafaso.nl\/wp-content\/uploads\/2016\/11\/wateroverlast-225x300.jpg\" alt=\"wateroverlast\" width=\"225\" height=\"300\" srcset=\"https:\/\/geldrop-burkinafaso.nl\/wp-content\/uploads\/2016\/11\/wateroverlast-225x300.jpg 225w, https:\/\/geldrop-burkinafaso.nl\/wp-content\/uploads\/2016\/11\/wateroverlast-768x1024.jpg 768w, https:\/\/geldrop-burkinafaso.nl\/wp-content\/uploads\/2016\/11\/wateroverlast-624x832.jpg 624w, https:\/\/geldrop-burkinafaso.nl\/wp-content\/uploads\/2016\/11\/wateroverlast.jpg 960w\" sizes=\"auto, (max-width: 225px) 100vw, 225px\" \/>Na de aanschaf van een pomp en leidingen en na het volgen van de nodige cursussen tuinbouw en kompostbereiding, groeide de groupement uit tot een voorbeeldproject waar meermaals de minister van landbouw ter bemoediging op bezoek kwam. Tot in oktober 2010 door een enorme regenbui het meer buiten de oevers trad en het sleurende water de gebouwen vernietigde. De aanplanten waren verwoest, een groot deel van de geiten verdronken en de leden, waarvan de meesten niet zwemmen kunnen, getraumatiseerd: bij naburige projecten waren ook mensen verdronken. Het einde van het project?<\/p>\n<p>Dankzij het doorzettingsvermogen van de leden, plaatselijke solidariteit in de vorm van giften, en ons vermogen nieuw geld bij elkaar te zoeken, is de co\u00f6peratie opnieuw gestart, op een nieuwe plek, ver weg van het verwoestende water.<br \/>\nAlles moest weer van de grond af opgebouwd (en gefinancierd) worden: stallen, huizen, omheiningen, een put voor de dieren en voor een tuinbouwproject. Ook daar ging weer veel mis, zo spoelde tijdens de putgraafwerkzaamheden de put herhaaldelijk dicht door onverwachte regen in de normaal droge tijd.<\/p>\n<p>Maar intussen is er ee<img loading=\"lazy\" decoding=\"async\" class=\"size-medium wp-image-485 alignleft\" src=\"http:\/\/www.geldrop-burkinafaso.nl\/wp-content\/uploads\/2016\/11\/nieuwe-put-300x170.jpg\" alt=\"nieuwe-put\" width=\"300\" height=\"170\" srcset=\"https:\/\/geldrop-burkinafaso.nl\/wp-content\/uploads\/2016\/11\/nieuwe-put-300x170.jpg 300w, https:\/\/geldrop-burkinafaso.nl\/wp-content\/uploads\/2016\/11\/nieuwe-put-768x434.jpg 768w, https:\/\/geldrop-burkinafaso.nl\/wp-content\/uploads\/2016\/11\/nieuwe-put-1024x579.jpg 1024w, https:\/\/geldrop-burkinafaso.nl\/wp-content\/uploads\/2016\/11\/nieuwe-put-624x353.jpg 624w, https:\/\/geldrop-burkinafaso.nl\/wp-content\/uploads\/2016\/11\/nieuwe-put.jpg 1183w\" sizes=\"auto, (max-width: 300px) 100vw, 300px\" \/>n put, met veel water, er lopen geiten, er lopen kippen, er is een broedmachine, er zijn Moringa-bomen aangeplant en hagen van Jatropha, er zijn stallen, er zijn omheiningen.<br \/>\nNu kan de volgende fase van start. Met hulp van ZWO, de Stichting Geldrop-Burkina Faso en de Wilde Ganzen is er genoeg\u00a0geld bij elkaar gekomen om een aantal woonhuizen voor de leden\u00a0 te bouwen \u2013de laatste keer dat ik in Fada N\u2019Gourma was woonden de leden die er waren in de stallen die bedoeld waren voor de geiten- en, belangrijker, geld voor een water-zuinig irrigatieproject waarmee \u00e9\u00e9n hectare ge\u00efrrigeerde tuinbouw mogelijk wordt.<\/p>\n<p>Er gaat gewerkt worden met een lage druk druppel-irrigatie systeem, een systeem dat tot volwassenheid gebracht is door de Isra\u00eblische professor Pastinak van het ICRISAT, en waarbij met relatief simpele middelen het water direct op de plek druppelt waar het nodig is, aan de voet van de plant, waardoor veel minder water verdampt en er dus veel minder water nodig is. <img loading=\"lazy\" decoding=\"async\" class=\"size-medium wp-image-484 alignright\" src=\"http:\/\/www.geldrop-burkinafaso.nl\/wp-content\/uploads\/2016\/11\/irrigatiesysteem-300x179.jpg\" alt=\"irrigatiesysteem\" width=\"300\" height=\"179\" srcset=\"https:\/\/geldrop-burkinafaso.nl\/wp-content\/uploads\/2016\/11\/irrigatiesysteem-300x179.jpg 300w, https:\/\/geldrop-burkinafaso.nl\/wp-content\/uploads\/2016\/11\/irrigatiesysteem.jpg 480w\" sizes=\"auto, (max-width: 300px) 100vw, 300px\" \/>Het ministerie van landbouw staat in de startblokken om het systeem aan te leggen, neemt een derde van de benodigde investeringen voor haar rekening (geld dat overigens van de EU afkomstig is), en begeleidt Yanyema bij de technische en praktische uitvoering. Op de put komt een in Burkina Faso ontwikkelde Volanta pomp (die dus ook ter plekke te repareren is), die zowel handmatig als met een door zonne-energie aangedreven motor bediend kan worden en die het water in een hoger\u00a0geplaatst 5000liter vat pompt. Vandaaruit wordt het water via eerst grotere en dan steeds fijnere slangen over het land verdeeld, om uiteindelijk uit hele fijne slangetjes te druppelen, precies op de plek waar een plant staat of een zaadje is gezaaid.<\/p>\n<p>De tuinbouwproducten zoals tomaten, paprika, aubergines, sla en boontjes, kunnen het hele jaar op de markt verkocht worden, de restjes gaan naar de kippen en de geiten, de geitenmest is voor de landbouw, de kippenmest voor de tuinbouw, de kippen lopen in de schaduw van de Moringa-bomen, en eten schadelijke insecten.<br \/>\nAls alles goed gaat wordt er zo het hele jaar door werk en inkomen gegenereerd voor alle leden, en kunnen er zelfs extra leden (er is een wachtlijst) toegelaten worden. Ook kan er geld gereserveerd worden waardoor het project minder afhankelijk wordt van onze hulp, want dat is natuurlijk het doel. Niet zo zeer voor onze zielenrust, in de westerse landen worden per slot ook bijna alle boeren gesubsidieerd, nee, de onafhankelijkheid van hulp is vooral voor het zelfrespect van de leden zelf belangrijk: bij \u00e9\u00e9n van de laatste ledenvergaderingen hebben ze het erover gehad, hebben de leden hun hoop uitgesproken dat als er het hele jaar werk en inkomen zou zijn, er financi\u00eble reserves opgebouwd zouden kunnen worden. Opdat ze niet bij iedere tegenvaller om hulp en geld hoeven te vragen. Want het is belangrijk om daar stil bij te staan: het is veel gemakkelijker en geeft veel meer voldoening om geld of hulp te geven, dan om geld of hulp te vragen.<\/p>\n<p>Michiel L\u00f6ffler (geitenboer in Frankrijk)<\/p>\n<p>Verdere informatie:<br \/>\nProf Pastenak, druppel-irrigatie:<a href=\"http:\/\/blogs.worldwatch.org\/nourishingtheplanet\/africa-market-garden-a-smarter-approach-to-agriculture\/\"> http:\/\/blogs.worldwatch.org\/nourishingtheplanet\/africa-market-garden-a-smarter-approach-to-agriculture\/<\/a><br \/>\nDruppel-irrigatie:<a href=\"https:\/\/www.ideglobal.org\/country\/burkina-faso\"> https:\/\/www.ideglobal.org\/country\/burkina-faso<\/a><br \/>\nVolanta-pomp:<a href=\"http:\/\/rural-water-supply.net\/en\/implementation\/proprietary-handpumps\/volanta\"> http:\/\/rural-water-supply.net\/en\/implementation\/proprietary-handpumps\/volanta<\/a><br \/>\nFilmpje over Yanyema :<a href=\"https:\/\/www.youtube.com\/watch?v=6huzeF3Xqwc\"> https:\/\/www.youtube.com\/watch?v=6huzeF3Xqwc<\/a><\/p>\n","protected":false},"excerpt":{"rendered":"<p>Druppelirrigatie Yanyema, landbouwco\u00f6peratie Fada N\u2019Gourma, Oost-Burkina Faso. Michiel L\u00f6ffler (geitenboer in Frankrijk) Als alles goed gaat is er over een tijdje het hele jaar door tuinbouw. Als alles goed gaat hebben over een tijdje alle 25 leden van de groupement Yanyema, inclusief de opgenomen weeskinderen het hele jaar werk en inkomen, hebben de bijbehorende families [&hellip;]<\/p>\n","protected":false},"author":5,"featured_media":0,"parent":0,"menu_order":0,"comment_status":"closed","ping_status":"closed","template":"","meta":{"footnotes":""},"class_list":["post-482","page","type-page","status-publish","hentry"],"_links":{"self":[{"href":"https:\/\/geldrop-burkinafaso.nl\/index.php\/wp-json\/wp\/v2\/pages\/482","targetHints":{"allow":["GET"]}}],"collection":[{"href":"https:\/\/geldrop-burkinafaso.nl\/index.php\/wp-json\/wp\/v2\/pages"}],"about":[{"href":"https:\/\/geldrop-burkinafaso.nl\/index.php\/wp-json\/wp\/v2\/types\/page"}],"author":[{"embeddable":true,"href":"https:\/\/geldrop-burkinafaso.nl\/index.php\/wp-json\/wp\/v2\/users\/5"}],"replies":[{"embeddable":true,"href":"https:\/\/geldrop-burkinafaso.nl\/index.php\/wp-json\/wp\/v2\/comments?post=482"}],"version-history":[{"count":3,"href":"https:\/\/geldrop-burkinafaso.nl\/index.php\/wp-json\/wp\/v2\/pages\/482\/revisions"}],"predecessor-version":[{"id":491,"href":"https:\/\/geldrop-burkinafaso.nl\/index.php\/wp-json\/wp\/v2\/pages\/482\/revisions\/491"}],"wp:attachment":[{"href":"https:\/\/geldrop-burkinafaso.nl\/index.php\/wp-json\/wp\/v2\/media?parent=482"}],"curies":[{"name":"wp","href":"https:\/\/api.w.org\/{rel}","templated":true}]}}